{"id":3549,"date":"2019-03-11T09:10:02","date_gmt":"2019-03-11T09:10:02","guid":{"rendered":"https:\/\/tectxon.themetechmount.com\/tectxon-data\/?page_id=3549"},"modified":"2023-04-17T01:04:16","modified_gmt":"2023-04-16T23:04:16","slug":"home","status":"publish","type":"page","link":"https:\/\/rheinturbo.com\/de","title":{"rendered":"Startseite"},"content":{"rendered":"<div class=\"wpb-content-wrapper\"><p>[vc_row tm_bgimagefixed=&#8220;&#8220; break_in_responsive=&#8220;991&#8243; full_width=&#8220;stretch_row&#8220; tm_responsive_css=&#8220;15049183|colbreak_no|||||||||colbreak_no|||||50px||50px||colbreak_no||||||||||colbreak_no|||||||||&#8220; css=&#8220;.vc_custom_1552294650749{padding-bottom: 72px !important;}&#8220;][vc_column width=&#8220;1\/2&#8243; css=&#8220;.vc_custom_1552109484328{padding-right: 0px !important;padding-left: 0px !important;}&#8220; tm_responsive_css=&#8220;16402504|colbreak_no|||||||||colbreak_no||||||15px||15px|colbreak_no||||||||||colbreak_no|||||||||&#8220;][vc_row_inner css=&#8220;.vc_custom_1552108094071{padding-top: 10px !important;}&#8220;][vc_column_inner][vc_single_image image=&#8220;3718&#8243; img_size=&#8220;full&#8220;][\/vc_column_inner][\/vc_row_inner][\/vc_column][vc_column width=&#8220;1\/2&#8243; css=&#8220;.vc_custom_1552293416462{padding-top: 4px !important;padding-right: 10px !important;padding-left: 0px !important;}&#8220; tm_responsive_css=&#8220;83949204|colbreak_no||||||||25px|colbreak_no||||||15px||15px|colbreak_no||||||||||colbreak_no|||||||||&#8220;]<div class=\"tm-element-heading-wrapper tm-heading-inner tm-element-align-left tm-seperator-solid tm-heading-style-vertical   wpb_animate_when_almost_visible wpb_fadeInLeft fadeInLeft\"><section class=\"tm-vc_cta3-container\"><div class=\"tm-vc_general tm-vc_cta3 tm-cta3-only tm-vc_cta3-style-classic tm-vc_cta3-shape-rounded tm-vc_cta3-align-left tm-vc_cta3-color-transparent tm-vc_cta3-icon-size-md tm-vc_cta3-actions-no tm-cta3-with-desc\"><div class=\"tm-vc_cta3_content-container\"><div class=\"tm-vc_cta3-content\"><header class=\"tm-vc_cta3-content-header tm-wrap\"><div class=\"tm-vc_cta3-headers tm-wrap-cell\"><h2 class=\"tm-custom-heading \" ><strong>\u00dcber RheinTurbo<\/strong><\/h2>\n<\/div><div class=\"heading-seperator\"><span><\/span><\/div><\/header><div class=\"tm-cta3-content-wrapper\"><p><strong>RheinTurbo ist ein erfahrenes Ingenieurb\u00fcro im Bereich von Turbomaschinen und anderen rotierenden Maschinen und Anlagen. Als global agierendes Unternehmen sind wir in der Lage, die Bandbreite der Erwartungen unserer Kunden zu verstehen und Ihre Anforderungen zu erf\u00fcllen. Dabei bieten wir unseren Kunden ma\u00dfgeschneiderte L\u00f6sungen f\u00fcr Verdichterstationen und dessen Prozesse. <\/strong><\/p>\n<p><strong>Wir bieten die h\u00f6chste Servicequalit\u00e4t und Fachkompetenz f\u00fcr eine breite Palette von Turbomaschinentypen und strategischen rotierenden Anlagen von vielen verschiedenen Herstellern. <\/strong><\/p>\n<p><strong>Unsere Kernkompetenz ist der komplette Service und die Beratung und Komponentenkonstruktion von Dampfturbinen, Gasturbinen, Axial- und Radialverdichtern. Unser Ziel ist es, unsere Kunden durch unseren Gesamtpaketansatz und erstklassige Qualit\u00e4t unserer Dienstleistungen zu entlasten.<\/strong><\/p><\/div><\/div><\/div><\/div><\/section><\/div> <!-- .tm-element-heading-wrapper container --> [\/vc_column][\/vc_row][vc_row tm_bgcolor=&#8220;darkgrey&#8220; tm_bgimagefixed=&#8220;&#8220; break_in_responsive=&#8220;991&#8243; full_width=&#8220;stretch_row&#8220; equal_height=&#8220;yes&#8220; css=&#8220;.vc_custom_1552114313596{padding-top: 0px !important;padding-bottom: 0px !important;}&#8220; tm_responsive_css=&#8220;31766833|colbreak_no|||||||||colbreak_no|0px||||||||colbreak_no||||||||||colbreak_no|||||||||&#8220;][vc_column width=&#8220;7\/12&#8243; css=&#8220;.vc_custom_1552292724969{padding-top: 78px !important;padding-right: 50px !important;padding-bottom: 30px !important;}&#8220; tm_responsive_css=&#8220;58794642|colbreak_no|||||||||colbreak_no|||||40px|15px|0px||colbreak_no||||||||||colbreak_no|||||||||&#8220;]<div class=\"tm-element-heading-wrapper tm-heading-inner tm-element-align-left tm-seperator-solid tm-heading-style-vertical \"><section class=\"tm-vc_cta3-container\"><div class=\"tm-vc_general tm-vc_cta3 tm-cta3-only tm-vc_cta3-style-classic tm-vc_cta3-shape-rounded tm-vc_cta3-align-left tm-vc_cta3-color-transparent tm-vc_cta3-icon-size-md tm-vc_cta3-actions-no tm-cta3-with-desc\"><div class=\"tm-vc_cta3_content-container\"><div class=\"tm-vc_cta3-content\"><header class=\"tm-vc_cta3-content-header tm-wrap\"><div class=\"tm-vc_cta3-headers tm-wrap-cell\"><h4 class=\"tm-custom-heading \" >Unsere Leistungen<\/h4>\n<h2 class=\"tm-custom-heading \" >Ihr kompetenter Partner f\u00fcr <strong>Industriedienstleistungen<\/strong><\/h2>\n<\/div><div class=\"heading-seperator\"><span><\/span><\/div><\/header><div class=\"tm-cta3-content-wrapper\"><p>RheinTurbo ist stets bestrebt, innovative L\u00f6sungen anzubieten, die modernste Technologien beinhalten, um den komplexen Anforderungen von morgen gerecht zu werden.<br \/>\nDabei erm\u00f6glicht unser interkulturell erfahrenes Team von hochqualifizierten Ingenieuren eine kontinuierliche Spitzenleistung und eine bestm\u00f6gliche Auftragsabwicklung.<\/p><\/div><\/div><\/div><\/div><\/section><\/div> <!-- .tm-element-heading-wrapper container --> [vc_separator color=&#8220;custom&#8220; accent_color=&#8220;rgba(255,255,255,0.14)&#8220; css=&#8220;.vc_custom_1552114421443{margin-top: -5px !important;}&#8220;][vc_row_inner tm_responsive_css=&#8220;76298898|colbreak_no|||||||||colbreak_no|||||||||colbreak_no||||||||||colbreak_no|||||||||&#8220;][vc_column_inner width=&#8220;1\/2&#8243; css=&#8220;.vc_custom_1536644185073{padding-right: 15px !important;padding-left: 7px !important;}&#8220; tm_responsive_css=&#8220;87974215|colbreak_no|||||||||colbreak_no||||||15px||15px|colbreak_no||||||||||colbreak_no|||||||||&#8220;]<div class=\"tm-sbox tm-sbox-iconalign-left-spacing none tm-sbox-bgcolor-transparent tm-bgcolor-transparent tm-sbox-textcolor- tm-textcolor- tm-sbox-isize-lg tm-sbox-isize-lg tm-sbox-istyle-none  tm-sbox-heading-only\"><section class=\"tm-vc_cta3-container\"><div class=\"tm-vc_general tm-vc_cta3 tm-vc_cta3-align-left tm-vc_cta3-icon-size-lg tm-vc_cta3-icons-left tm-vc_cta3-actions-no\"><div class=\"tm-vc_cta3-icons tm-wrap-cell\"><div class=\"tm-vc_icon_element tm-vc_icon_element-outer tm-vc_icon_element-align-left \"><div class=\"tm-vc_icon_element-inner  tm-vc_icon_element-color-skincolor tm-vc_icon_element-size-lg tm-vc_icon_element-style-none tm-vc_icon_element-background-color-grey\" ><span class=\"tm-vc_icon_element-icon kw_tectxon flaticon-interface\" ><\/span><\/div><\/div><\/div><div class=\"tm-vc_cta3_content-container\"><div class=\"tm-vc_cta3-content\"><div class=\"tm-vc_cta3-content-header tm-wrap\"><div class=\"tm-vc_cta3-headers tm-wrap-cell\"><h2 class=\"tm-custom-heading \" >Engineering &amp; Consulting<\/h2>\n<\/div><\/div><\/div><div class=\"tm-cta3-desc-btn-wrapper\"><div class=\"tm-cta3-description\"><div class=\"tm-cta3-content-wrapper\"><p>Wir unterst\u00fctzen bei der Konstruktion und Analyse von Prozessen und installierten Anlagen.<\/p><\/div><\/div><\/div><\/div><\/div><\/section><\/div>[\/vc_column_inner][vc_column_inner width=&#8220;1\/2&#8243; css=&#8220;.vc_custom_1536644152210{padding-right: 10px !important;padding-left: 5px !important;}&#8220; tm_responsive_css=&#8220;69355203|colbreak_no|||||||||colbreak_no||||||15px||15px|colbreak_no||||||||||colbreak_no|||||||||&#8220;]<div class=\"tm-sbox tm-sbox-iconalign-left-spacing none tm-sbox-bgcolor-transparent tm-bgcolor-transparent tm-sbox-textcolor- tm-textcolor- tm-sbox-isize-lg tm-sbox-isize-lg tm-sbox-istyle-none  tm-sbox-heading-only\"><section class=\"tm-vc_cta3-container\"><div class=\"tm-vc_general tm-vc_cta3 tm-vc_cta3-align-left tm-vc_cta3-icon-size-lg tm-vc_cta3-icons-left tm-vc_cta3-actions-no\"><div class=\"tm-vc_cta3-icons tm-wrap-cell\"><div class=\"tm-vc_icon_element tm-vc_icon_element-outer tm-vc_icon_element-align-left \"><div class=\"tm-vc_icon_element-inner  tm-vc_icon_element-color-skincolor tm-vc_icon_element-size-lg tm-vc_icon_element-style-none tm-vc_icon_element-background-color-grey\" ><span class=\"tm-vc_icon_element-icon kw_tectxon flaticon-worker\" ><\/span><\/div><\/div><\/div><div class=\"tm-vc_cta3_content-container\"><div class=\"tm-vc_cta3-content\"><div class=\"tm-vc_cta3-content-header tm-wrap\"><div class=\"tm-vc_cta3-headers tm-wrap-cell\"><h2 class=\"tm-custom-heading \" >Maintenance &amp; Aftersales-Services<\/h2>\n<\/div><\/div><\/div><div class=\"tm-cta3-desc-btn-wrapper\"><div class=\"tm-cta3-description\"><div class=\"tm-cta3-content-wrapper\"><p>Wir sind erfahren darin, die Anforderungen unserer Kunden an alternative Maschinenreparaturen und Ersatzteile, Nachr\u00fcstungen und Umbauten sowie Au\u00dfendienst zu erf\u00fcllen.<\/p><\/div><\/div><\/div><\/div><\/div><\/section><\/div>[\/vc_column_inner][\/vc_row_inner][\/vc_column][vc_column tm_zindex=&#8220;1&#8243; width=&#8220;5\/12&#8243; css=&#8220;.vc_custom_1681653442432{background-image: url(https:\/\/rheinturbo.com\/wp-content\/uploads\/2023\/04\/RheinTurbo.jpg?id=3724) !important;background-position: center !important;background-repeat: no-repeat !important;background-size: cover !important;}&#8220; tm_responsive_css=&#8220;14368468|colbreak_no|||||||||colbreak_no|||||260px||200px||colbreak_no||||||||||colbreak_no|||||||||&#8220;][vc_row_inner css=&#8220;.vc_custom_1681685099073{margin-right: 50px !important;margin-bottom: -50px !important;}&#8220; el_class=&#8220;tm-img-overlay-box&#8220; tm_responsive_css=&#8220;74158139|colbreak_no|||||||||colbreak_no|||||||||colbreak_no||10px||||||||colbreak_no|||||||||&#8220;][vc_column_inner tm_bgcolor=&#8220;skincolor&#8220; css=&#8220;.vc_custom_1681685261752{margin-top: -250px !important;padding-top: 25px !important;padding-right: 30px !important;padding-left: 25px !important;}&#8220;]<h2 style=\"text-align:left;font-size:22px;line-height:50px;\" class=\"tm-custom-heading \" >Engagiertes Team<\/h2>\n[vc_column_text]Unser qualifiziertes Team bietet unseren Kunden auf Basis von jahrzehntelanger Erfahrung im Bereich von Turbomaschinen Unterst\u00fctzung in allen Bereichen an.[\/vc_column_text][\/vc_column_inner][\/vc_row_inner][\/vc_column][\/vc_row][vc_row tm_bgimagefixed=&#8220;&#8220; full_width=&#8220;stretch_row&#8220; css=&#8220;.vc_custom_1552119340328{padding-top: 90px !important;padding-bottom: 90px !important;}&#8220; tm_responsive_css=&#8220;10379179|colbreak_no|||||||||colbreak_no|||||40px||40px||colbreak_no||||||||||colbreak_no|||||||||&#8220;][vc_column][vc_row_inner tm_responsive_css=&#8220;64236491|colbreak_no|||||||||colbreak_no||0px|||||||colbreak_no||||||||||colbreak_no|||||||||&#8220;][vc_column_inner css=&#8220;.vc_custom_1552292847881{padding-right: 40px !important;}&#8220; tm_responsive_css=&#8220;11558241|colbreak_no|||||||||colbreak_no|||||||||colbreak_no||||||15px||||colbreak_no|||||||||&#8220;]<div class=\"tm-element-heading-wrapper tm-heading-inner tm-element-align-right tm-seperator-solid tm-heading-style-horizontal  vc_custom_1681652967624\"><section class=\"tm-vc_cta3-container\"><div class=\"tm-vc_general tm-vc_cta3 tm-cta3-only tm-vc_cta3-style-classic tm-vc_cta3-shape-rounded tm-vc_cta3-align-right tm-vc_cta3-color-transparent tm-vc_cta3-icon-size-md tm-vc_cta3-actions-no tm-cta3-with-desc\"><div class=\"tm-vc_cta3_content-container\"><div class=\"tm-vc_cta3-content\"><header class=\"tm-vc_cta3-content-header tm-wrap\"><div class=\"tm-vc_cta3-headers tm-wrap-cell\"><h2 class=\"tm-custom-heading \" ><strong>Industrien<\/strong><\/h2>\n<\/div><div class=\"heading-seperator\"><span><\/span><\/div><\/header><div class=\"tm-cta3-content-wrapper\"><p>Jede Industrie hat ihre speziellen Herausforderungen.<br \/>\nRheinTurbo ist ein international t\u00e4tiger Serviceanbieter f\u00fcr Turbomaschinen.<br \/>\nUnsere ma\u00dfgeschneiderten L\u00f6sungskonzepte f\u00fcr verschiedene Industrien werden weltweit erfolgreich eingesetzt.<\/p><\/div><\/div><\/div><\/div><\/section><\/div> <!-- .tm-element-heading-wrapper container --> [\/vc_column_inner][\/vc_row_inner][vc_separator color=&#8220;custom&#8220; accent_color=&#8220;rgba(255,255,255,0.14)&#8220;][vc_row_inner el_class=&#8220;sbox-borderbox-style2&#8243; css=&#8220;.vc_custom_1552120736120{padding-top: 10px !important;}&#8220; tm_responsive_css=&#8220;86113338|colbreak_no|||||||||colbreak_no|||||||||colbreak_no|||||0px|||||colbreak_no|||||||||&#8220;][vc_column_inner width=&#8220;1\/3&#8243;][vc_single_image image=&#8220;3727&#8243; img_size=&#8220;800&#215;600&#8243; css_animation=&#8220;zoomIn&#8220;]<div class=\"tm-sbox tm-sbox-iconalign-top-left none tm-sbox-bgcolor-transparent tm-bgcolor-transparent tm-sbox-textcolor-darkgrey tm-textcolor-darkgrey tm-sbox-isize-md tm-sbox-isize-md tm-sbox-istyle-none vc_custom_1681651548264 tm-sbox-heading-only no-icon\"><section class=\"tm-vc_cta3-container\"><div class=\"tm-vc_general tm-vc_cta3 tm-vc_cta3-align-left tm-vc_cta3-icon-size-md tm-vc_cta3-icons-top tm-vc_cta3-actions-no\"><div class=\"tm-vc_cta3-icons tm-wrap-cell\"><div class=\"tm-vc_icon_element tm-vc_icon_element-outer tm-vc_icon_element-align-left \"><div class=\"tm-vc_icon_element-inner  tm-vc_icon_element-color-white tm-vc_icon_element-size-md tm-vc_icon_element-style-none tm-vc_icon_element-background-color-grey\" ><span class=\"tm-vc_icon_element-icon empty\" ><\/span><\/div><\/div><\/div><div class=\"tm-vc_cta3_content-container\"><div class=\"tm-vc_cta3-content\"><div class=\"tm-vc_cta3-content-header tm-wrap\"><div class=\"tm-vc_cta3-headers tm-wrap-cell\"><h2 class=\"tm-custom-heading \" >\u00d6l- und Gasindustrie<\/h2>\n<\/div><\/div><\/div><div class=\"tm-cta3-desc-btn-wrapper\"><div class=\"tm-cta3-description\"><div class=\"tm-cta3-content-wrapper\">\n<h6>Der \u00d6l- und Gasmarkt gilt als der gr\u00f6\u00dfte Sektor der Welt, der weltweit Hunderttausende von Arbeitnehmern besch\u00e4ftigt und jedes Jahr Hunderte von Milliarden Dollar erwirtschaftet.<br \/>\nUnser Portfolio an Engineering-Dienstleistungen umfasst das Upstream-, Midstream- und das Downstream-Segment f\u00fcr Anwendungen von rotierenden Maschinen und Hilfssystemen.<\/h6>\n<p><\/div><\/div><\/div><\/div><\/div><\/section><\/div>[\/vc_column_inner][vc_column_inner width=&#8220;1\/3&#8243;][vc_single_image image=&#8220;33&#8243; img_size=&#8220;800&#215;600&#8243; css_animation=&#8220;zoomIn&#8220;]<div class=\"tm-sbox tm-sbox-iconalign-top-left none tm-sbox-bgcolor-transparent tm-bgcolor-transparent tm-sbox-textcolor-darkgrey tm-textcolor-darkgrey tm-sbox-isize-md tm-sbox-isize-md tm-sbox-istyle-none vc_custom_1681651570974 tm-sbox-heading-only no-icon\"><section class=\"tm-vc_cta3-container\"><div class=\"tm-vc_general tm-vc_cta3 tm-vc_cta3-align-left tm-vc_cta3-icon-size-md tm-vc_cta3-icons-top tm-vc_cta3-actions-no\"><div class=\"tm-vc_cta3-icons tm-wrap-cell\"><div class=\"tm-vc_icon_element tm-vc_icon_element-outer tm-vc_icon_element-align-left \"><div class=\"tm-vc_icon_element-inner  tm-vc_icon_element-color-white tm-vc_icon_element-size-md tm-vc_icon_element-style-none tm-vc_icon_element-background-color-grey\" ><span class=\"tm-vc_icon_element-icon empty\" ><\/span><\/div><\/div><\/div><div class=\"tm-vc_cta3_content-container\"><div class=\"tm-vc_cta3-content\"><div class=\"tm-vc_cta3-content-header tm-wrap\"><div class=\"tm-vc_cta3-headers tm-wrap-cell\"><h2 class=\"tm-custom-heading \" >Petrochemische Industrie<\/h2>\n<\/div><\/div><\/div><div class=\"tm-cta3-desc-btn-wrapper\"><div class=\"tm-cta3-description\"><div class=\"tm-cta3-content-wrapper\">\n<h6>Die petrochemische Industrie ist ein wesentlicher Bestandteil zahlreicher industrieller Prozesse, da sie Rohstoffe f\u00fcr eine breite Palette von Produkten liefert.<br \/>\nDie aus der Petrochemie gewonnenen Grundchemikalien und Kunststoffe dienen als Baustein f\u00fcr zahlreiche kurz- und langlebige Konsumg\u00fcter.<\/h6>\n<p><\/div><\/div><\/div><\/div><\/div><\/section><\/div>[\/vc_column_inner][vc_column_inner width=&#8220;1\/3&#8243;][vc_single_image image=&#8220;3730&#8243; img_size=&#8220;800&#215;600&#8243; css_animation=&#8220;zoomIn&#8220;]<div class=\"tm-sbox tm-sbox-iconalign-top-left none tm-sbox-bgcolor-transparent tm-bgcolor-transparent tm-sbox-textcolor-darkgrey tm-textcolor-darkgrey tm-sbox-isize-md tm-sbox-isize-md tm-sbox-istyle-none vc_custom_1681651473581 tm-sbox-heading-only no-icon\"><section class=\"tm-vc_cta3-container\"><div class=\"tm-vc_general tm-vc_cta3 tm-vc_cta3-align-left tm-vc_cta3-icon-size-md tm-vc_cta3-icons-top tm-vc_cta3-actions-no\"><div class=\"tm-vc_cta3-icons tm-wrap-cell\"><div class=\"tm-vc_icon_element tm-vc_icon_element-outer tm-vc_icon_element-align-left \"><div class=\"tm-vc_icon_element-inner  tm-vc_icon_element-color-white tm-vc_icon_element-size-md tm-vc_icon_element-style-none tm-vc_icon_element-background-color-grey\" ><span class=\"tm-vc_icon_element-icon empty\" ><\/span><\/div><\/div><\/div><div class=\"tm-vc_cta3_content-container\"><div class=\"tm-vc_cta3-content\"><div class=\"tm-vc_cta3-content-header tm-wrap\"><div class=\"tm-vc_cta3-headers tm-wrap-cell\"><h2 class=\"tm-custom-heading \" >Chemische Industrie<\/h2>\n<\/div><\/div><\/div><div class=\"tm-cta3-desc-btn-wrapper\"><div class=\"tm-cta3-description\"><div class=\"tm-cta3-content-wrapper\">\n<h6>Um kosteneffizienten Betrieb und Wartung in petrochemischen Raffinerien und diversifizierten Chemieanlagen zu erm\u00f6glichen, beweisen wir erstklassiges Fachwissen und Hands-on-Mentalit\u00e4t. D\u00fcngemittel-, PTA- und insbesondere Luftzerlegungsanlagen k\u00f6nnen wir mit fundiertem Turbinen- und Kompressorwissen, Design und Steuerungssystemen bedienen.<\/h6>\n<p><\/div><\/div><\/div><\/div><\/div><\/section><\/div>[\/vc_column_inner][\/vc_row_inner][vc_row_inner el_class=&#8220;sbox-borderbox-style2&#8243; css=&#8220;.vc_custom_1552113634635{padding-top: 20px !important;}&#8220;][vc_column_inner width=&#8220;1\/3&#8243;][vc_single_image image=&#8220;34&#8243; img_size=&#8220;800&#215;600&#8243; css_animation=&#8220;zoomIn&#8220;]<div class=\"tm-sbox tm-sbox-iconalign-top-left none tm-sbox-bgcolor-transparent tm-bgcolor-transparent tm-sbox-textcolor-darkgrey tm-textcolor-darkgrey tm-sbox-isize-md tm-sbox-isize-md tm-sbox-istyle-none vc_custom_1681651620825 tm-sbox-heading-only no-icon\"><section class=\"tm-vc_cta3-container\"><div class=\"tm-vc_general tm-vc_cta3 tm-vc_cta3-align-left tm-vc_cta3-icon-size-md tm-vc_cta3-icons-top tm-vc_cta3-actions-no\"><div class=\"tm-vc_cta3-icons tm-wrap-cell\"><div class=\"tm-vc_icon_element tm-vc_icon_element-outer tm-vc_icon_element-align-left \"><div class=\"tm-vc_icon_element-inner  tm-vc_icon_element-color-white tm-vc_icon_element-size-md tm-vc_icon_element-style-none tm-vc_icon_element-background-color-grey\" ><span class=\"tm-vc_icon_element-icon empty\" ><\/span><\/div><\/div><\/div><div class=\"tm-vc_cta3_content-container\"><div class=\"tm-vc_cta3-content\"><div class=\"tm-vc_cta3-content-header tm-wrap\"><div class=\"tm-vc_cta3-headers tm-wrap-cell\"><h2 class=\"tm-custom-heading \" >Stahlindustrie<\/h2>\n<\/div><\/div><\/div><div class=\"tm-cta3-desc-btn-wrapper\"><div class=\"tm-cta3-description\"><div class=\"tm-cta3-content-wrapper\">\n<h6>Stahl und Eisen ist einer der unentbehrlichsten Rohstoffe in der heutigen Industrie.<br \/>\nRheinTurbo verf\u00fcgt \u00fcber umfangreiche Erfahrung bei der Unterst\u00fctzung von Stahlherstellern.<br \/>\nUnsere ausgekl\u00fcgelten L\u00f6sungen und unser umfassendes Know-how in Bezug auf Hochofengebl\u00e4se, Luftansaugfilter, Strom erzeugende und antreibende Turbinen unterst\u00fctzen die Prozessschritte, die bei der Stahlherstellung von entscheidender Bedeutung sind.<\/h6>\n<p><\/div><\/div><\/div><\/div><\/div><\/section><\/div>[\/vc_column_inner][vc_column_inner width=&#8220;1\/3&#8243;][vc_single_image image=&#8220;3720&#8243; img_size=&#8220;800&#215;600&#8243; css_animation=&#8220;zoomIn&#8220;]<div class=\"tm-sbox tm-sbox-iconalign-top-left none tm-sbox-bgcolor-transparent tm-bgcolor-transparent tm-sbox-textcolor-darkgrey tm-textcolor-darkgrey tm-sbox-isize-md tm-sbox-isize-md tm-sbox-istyle-none vc_custom_1681652469645 tm-sbox-heading-only no-icon\"><section class=\"tm-vc_cta3-container\"><div class=\"tm-vc_general tm-vc_cta3 tm-vc_cta3-align-left tm-vc_cta3-icon-size-md tm-vc_cta3-icons-top tm-vc_cta3-actions-no\"><div class=\"tm-vc_cta3-icons tm-wrap-cell\"><div class=\"tm-vc_icon_element tm-vc_icon_element-outer tm-vc_icon_element-align-left \"><div class=\"tm-vc_icon_element-inner  tm-vc_icon_element-color-white tm-vc_icon_element-size-md tm-vc_icon_element-style-none tm-vc_icon_element-background-color-grey\" ><span class=\"tm-vc_icon_element-icon empty\" ><\/span><\/div><\/div><\/div><div class=\"tm-vc_cta3_content-container\"><div class=\"tm-vc_cta3-content\"><div class=\"tm-vc_cta3-content-header tm-wrap\"><div class=\"tm-vc_cta3-headers tm-wrap-cell\"><h2 class=\"tm-custom-heading \" >Energieerzeugung<\/h2>\n<\/div><\/div><\/div><div class=\"tm-cta3-desc-btn-wrapper\"><div class=\"tm-cta3-description\"><div class=\"tm-cta3-content-wrapper\">\n<h6>Effizienz und Langlebigkeit haben bei der Stromerzeugung h\u00f6chste Priorit\u00e4t, wo die Wirtschaftlichkeit von der Gewissheit der Kapazit\u00e4t und Betriebszeit abh\u00e4ngt.<br \/>\nDabei ist RheinTurbo in der Lage, sein Know-how in verschiedenen Segmenten der Industrie anzuwenden, bei Dienstleistungen mit einfachem und kombiniertem Zyklus, die auf Dampf und Gas basieren. Dabei sind rotierende Maschinen wie Dampf- und Gasturbinen, Generatoren und deren Nebenaggregate unser Hauptkompetenzfeld.<\/h6>\n<p><\/div><\/div><\/div><\/div><\/div><\/section><\/div>[\/vc_column_inner][vc_column_inner width=&#8220;1\/3&#8243;][vc_single_image image=&#8220;3722&#8243; img_size=&#8220;800&#215;600&#8243; css_animation=&#8220;zoomIn&#8220;]<div class=\"tm-sbox tm-sbox-iconalign-top-left none tm-sbox-bgcolor-transparent tm-bgcolor-transparent tm-sbox-textcolor-darkgrey tm-textcolor-darkgrey tm-sbox-isize-md tm-sbox-isize-md tm-sbox-istyle-none vc_custom_1681653036706 tm-sbox-heading-only no-icon\"><section class=\"tm-vc_cta3-container\"><div class=\"tm-vc_general tm-vc_cta3 tm-vc_cta3-align-left tm-vc_cta3-icon-size-md tm-vc_cta3-icons-top tm-vc_cta3-actions-no\"><div class=\"tm-vc_cta3-icons tm-wrap-cell\"><div class=\"tm-vc_icon_element tm-vc_icon_element-outer tm-vc_icon_element-align-left \"><div class=\"tm-vc_icon_element-inner  tm-vc_icon_element-color-white tm-vc_icon_element-size-md tm-vc_icon_element-style-none tm-vc_icon_element-background-color-grey\" ><span class=\"tm-vc_icon_element-icon empty\" ><\/span><\/div><\/div><\/div><div class=\"tm-vc_cta3_content-container\"><div class=\"tm-vc_cta3-content\"><div class=\"tm-vc_cta3-content-header tm-wrap\"><div class=\"tm-vc_cta3-headers tm-wrap-cell\"><h2 class=\"tm-custom-heading \" >Erneuerbare Energien<\/h2>\n<\/div><\/div><\/div><div class=\"tm-cta3-desc-btn-wrapper\"><div class=\"tm-cta3-description\"><div class=\"tm-cta3-content-wrapper\">\n<h6>W\u00e4hrend Kohlenwasserstoffe weiterhin einen Gro\u00dfteil des Energiebedarfs decken werden, wird erwartet, dass erneuerbare Energiequellen, CCUS, LNG, Wasserstoff, Energie aus Abfall und Emissionsreduzierung schnell wachsen werden.<br \/>\nDurch die Nutzung des Know-hows und der gewonnenen Erkenntnisse aus vielen Jahrzehnten bei der Entwicklung von Turbomaschinen in kritischen Anwendungen, sind wir ein vertrauensw\u00fcrdiger Technologiepartner f\u00fcr wichtige neue Energiem\u00e4rkte.<\/h6>\n<h6><\/h6>\n<p><\/div><\/div><\/div><\/div><\/div><\/section><\/div>[\/vc_column_inner][\/vc_row_inner][\/vc_column][\/vc_row]<\/p>\n<\/div>","protected":false},"excerpt":{"rendered":"<p>[vc_row tm_bgimagefixed=&#8220;&#8220; break_in_responsive=&#8220;991&#8243; full_width=&#8220;stretch_row&#8220; tm_responsive_css=&#8220;15049183|colbreak_no|||||||||colbreak_no|||||50px||50px||colbreak_no||||||||||colbreak_no|||||||||&#8220; css=&#8220;.vc_custom_1552294650749{padding-bottom: 72px !important;}&#8220;][vc_column width=&#8220;1\/2&#8243; css=&#8220;.vc_custom_1552109484328{padding-right: 0px !important;padding-left: 0px !important;}&#8220; tm_responsive_css=&#8220;16402504|colbreak_no|||||||||colbreak_no||||||15px||15px|colbreak_no||||||||||colbreak_no|||||||||&#8220;][vc_row_inner css=&#8220;.vc_custom_1552108094071{padding-top: 10px !important;}&#8220;][vc_column_inner][vc_single_image image=&#8220;3718&#8243; img_size=&#8220;full&#8220;][\/vc_column_inner][\/vc_row_inner][\/vc_column][vc_column width=&#8220;1\/2&#8243; css=&#8220;.vc_custom_1552293416462{padding-top: 4px !important;padding-right: 10px !important;padding-left: 0px !important;}&#8220; tm_responsive_css=&#8220;83949204|colbreak_no||||||||25px|colbreak_no||||||15px||15px|colbreak_no||||||||||colbreak_no|||||||||&#8220;][\/vc_column][\/vc_row][vc_row tm_bgcolor=&#8220;darkgrey&#8220; tm_bgimagefixed=&#8220;&#8220; break_in_responsive=&#8220;991&#8243; full_width=&#8220;stretch_row&#8220; equal_height=&#8220;yes&#8220; css=&#8220;.vc_custom_1552114313596{padding-top: 0px !important;padding-bottom: 0px !important;}&#8220; tm_responsive_css=&#8220;31766833|colbreak_no|||||||||colbreak_no|0px||||||||colbreak_no||||||||||colbreak_no|||||||||&#8220;][vc_column width=&#8220;7\/12&#8243; css=&#8220;.vc_custom_1552292724969{padding-top: 78px !important;padding-right: 50px !important;padding-bottom: 30px !important;}&#8220; tm_responsive_css=&#8220;58794642|colbreak_no|||||||||colbreak_no|||||40px|15px|0px||colbreak_no||||||||||colbreak_no|||||||||&#8220;][vc_separator color=&#8220;custom&#8220; accent_color=&#8220;rgba(255,255,255,0.14)&#8220; css=&#8220;.vc_custom_1552114421443{margin-top: -5px !important;}&#8220;][vc_row_inner tm_responsive_css=&#8220;76298898|colbreak_no|||||||||colbreak_no|||||||||colbreak_no||||||||||colbreak_no|||||||||&#8220;][vc_column_inner &hellip; <a href=\"https:\/\/rheinturbo.com\/de\" class=\"more-link\">Continue reading <span class=\"screen-reader-text\">Startseite<\/span><\/a><\/p>\n","protected":false},"author":2,"featured_media":0,"parent":0,"menu_order":4,"comment_status":"closed","ping_status":"closed","template":"","meta":{"footnotes":""},"class_list":["post-3549","page","type-page","status-publish","hentry"],"_links":{"self":[{"href":"https:\/\/rheinturbo.com\/de\/wp-json\/wp\/v2\/pages\/3549","targetHints":{"allow":["GET"]}}],"collection":[{"href":"https:\/\/rheinturbo.com\/de\/wp-json\/wp\/v2\/pages"}],"about":[{"href":"https:\/\/rheinturbo.com\/de\/wp-json\/wp\/v2\/types\/page"}],"author":[{"embeddable":true,"href":"https:\/\/rheinturbo.com\/de\/wp-json\/wp\/v2\/users\/2"}],"replies":[{"embeddable":true,"href":"https:\/\/rheinturbo.com\/de\/wp-json\/wp\/v2\/comments?post=3549"}],"version-history":[{"count":24,"href":"https:\/\/rheinturbo.com\/de\/wp-json\/wp\/v2\/pages\/3549\/revisions"}],"predecessor-version":[{"id":3781,"href":"https:\/\/rheinturbo.com\/de\/wp-json\/wp\/v2\/pages\/3549\/revisions\/3781"}],"wp:attachment":[{"href":"https:\/\/rheinturbo.com\/de\/wp-json\/wp\/v2\/media?parent=3549"}],"curies":[{"name":"wp","href":"https:\/\/api.w.org\/{rel}","templated":true}]}}